{"id":329,"date":"2018-12-29T10:02:59","date_gmt":"2018-12-29T09:02:59","guid":{"rendered":"http:\/\/www.skullboogey.de\/?page_id=329"},"modified":"2022-09-09T11:18:38","modified_gmt":"2022-09-09T09:18:38","slug":"bio","status":"publish","type":"page","link":"http:\/\/www.skullboogey.de\/?page_id=329","title":{"rendered":"Bio"},"content":{"rendered":"\n<h2 class=\"wp-block-heading\">Pure Rockmusik, hart und handgemacht<\/h2>\n\n\n\n<p>Seit fast 2 Dekaden treiben sich die hessischen Riff-Rocker auf den Brettern der Clubs und Konzerthallen herum. Immer aus allen Rohren brachiale Gitarrenw\u00e4nde, melodische Hooks und treibende Grooves abfeuernd. <\/p>\n\n\n\n<figure class=\"wp-block-image\"><img loading=\"lazy\" decoding=\"async\" width=\"400\" height=\"240\" src=\"http:\/\/www.skullboogey.de\/wp-content\/uploads\/2018\/12\/skullboogey2002-e1546194716565.jpg\" alt=\"\" class=\"wp-image-423\"\/><\/figure>\n\n\n\n<p><strong>2001<\/strong> gr\u00fcnden Stefan, Christian und Jens Skullboogey.<br> Der Name existiert bereits seit <strong>1998<\/strong> als Solo Projekt von Stefan.<br> Als Drummer steigt f\u00fcr die ersten Gigs Michael Joa ein, der mit Stefan schon bei Sickhead gespielt hatte.<\/p>\n\n\n\n<figure class=\"wp-block-image\"><img loading=\"lazy\" decoding=\"async\" width=\"400\" height=\"302\" src=\"http:\/\/www.skullboogey.de\/wp-content\/uploads\/2018\/12\/skullboogey2003.jpg\" alt=\"\" class=\"wp-image-426\" srcset=\"http:\/\/www.skullboogey.de\/wp-content\/uploads\/2018\/12\/skullboogey2003.jpg 400w, http:\/\/www.skullboogey.de\/wp-content\/uploads\/2018\/12\/skullboogey2003-300x227.jpg 300w\" sizes=\"auto, (max-width: 400px) 100vw, 400px\" \/><\/figure>\n\n\n\n<p>Thomas Obi Eifert ersetzt Michael <strong>2002<\/strong>, der bei der Wiesbadener Formation LostFoundLost einsteigt.<\/p>\n\n\n\n<p>Mit Obi an den Drums wird <strong>2003<\/strong> das Debut &#8222;Life is a pity&#8220; eingespielt. Produziert wird, wie auch die folgenden zwei Alben, von Stefan selbst.<\/p>\n\n\n\n<p>Als Label findet sich das kleine One-Man-Label &#8222;R&amp;R-Music&#8220; aus Wetzlar.<br>\nStilistisch ist die Scheibe schwer einzuordnen, da die Band zu der Zeit noch sehr viel experimentiert.<\/p>\n\n\n\n<figure class=\"wp-block-image is-resized\"><img loading=\"lazy\" decoding=\"async\" src=\"http:\/\/www.skullboogey.de\/wp-content\/uploads\/2018\/12\/Cover_Skullboogey_Life_Is_A_Pity_600px.jpg\" alt=\"\" class=\"wp-image-359\" width=\"200\" height=\"212\"\/><\/figure>\n\n\n\n<p><strong>2004 <\/strong>steigt Obi aus und Felix Brode \u00fcbernimmt kurze Zeit die Schie\u00dfbude.<\/p>\n\n\n\n\n\n<p>Die Band spielt jeden Gig (s.u. Hessentag in Heppenheim) und wird in der \u00d6ffentlichkeit langsam wahrgenommen.<\/p>\n\n\n\n<figure class=\"wp-block-image is-resized\"><img loading=\"lazy\" decoding=\"async\" src=\"http:\/\/www.skullboogey.de\/wp-content\/uploads\/2018\/12\/skullboogey2004-1.jpg\" alt=\"\" class=\"wp-image-357\" width=\"400\" height=\"277\"\/><figcaption>Sef und Chris &#8211; Hessentag Heppenheim 2004<\/figcaption><\/figure>\n\n\n\n<p>Mit der R\u00fcckkehr von Michael Joa <strong>2005<\/strong> besinnt die Band sich st\u00e4rker auf ihre Heavyrock- und Blueswurzeln und spielt live immer mehr neue St\u00fccke.<\/p>\n\n\n\n<figure class=\"wp-block-image is-resized\"><img loading=\"lazy\" decoding=\"async\" src=\"http:\/\/www.skullboogey.de\/wp-content\/uploads\/2018\/12\/skullboogey2006.jpg\" alt=\"\" class=\"wp-image-315\" width=\"400\" height=\"280\"\/><figcaption>SKULLBOOGEY 2007<\/figcaption><\/figure>\n\n\n\n<figure class=\"wp-block-image is-resized\"><img loading=\"lazy\" decoding=\"async\" src=\"http:\/\/www.skullboogey.de\/wp-content\/uploads\/2018\/12\/skullboogey_live064.jpg-683x1024.jpg\" alt=\"\" class=\"wp-image-415\" width=\"400\" height=\"632\"\/><figcaption>Stef im Rind R\u00fcsselsheim 2007<\/figcaption><\/figure>\n\n\n\n<p><strong>2007<\/strong> entsteht das Album &#8222;Dead $ Sold&#8220; mit dem endg\u00fcltig klar ist, wie Skullboogey klingen. Hart, roh. Riffrock vom feinsten. Es gibt zwar immer noch Ausfl\u00fcge in die ein oder andere Richtung &#8211; aber die Zeichen sind gesetzt.<\/p>\n\n\n\n<figure class=\"wp-block-image is-resized\"><img loading=\"lazy\" decoding=\"async\" src=\"http:\/\/www.skullboogey.de\/wp-content\/uploads\/2018\/12\/Cover_Skullboogey_Dead__Sold_600px.jpg\" alt=\"\" class=\"wp-image-360\" width=\"200\" height=\"208\"\/><\/figure>\n\n\n\n<p>Jetzt schon ein Klassiker.<\/p>\n\n\n\n<p>Vertrieben wird das Album Deuschlandweit durch Cargo-Records. Die Band zahlt weiter alles aus eigener Tasche. Die Presse nimmt das Album durchweg positiv auf.<\/p>\n\n\n\n<figure class=\"wp-block-image is-resized\"><img loading=\"lazy\" decoding=\"async\" src=\"http:\/\/www.skullboogey.de\/wp-content\/uploads\/2018\/12\/double-rock-683x1024.jpg\" alt=\"\" class=\"wp-image-413\" width=\"396\" height=\"592\"\/><figcaption> Jens, Stef &#8211;  Releaseparty &#8222;Dead \u00a7 Sold&#8220;Oberursel 2008 <\/figcaption><\/figure>\n\n\n\n<p>Berufliche Querelen und unterschiedliche Auffassungen dar\u00fcber, wo es mit der Band hingehen soll, f\u00fchren <strong>2009<\/strong> zur Trennung von Michael, der das Musikerleben an den Nagel h\u00e4ngt.<br> Das Album &#8222;III&#8220; wird von Stefan eingetrommelt, da die Band zu dem Zeitpunkt ohne Drummer dahsteht.<\/p>\n\n\n\n<p>Ben Juelg wird noch <strong>2009<\/strong> neuer Drummer bei Skullboogey und die Band pr\u00e4sentiert sich Live lebendiger und erbarmungsloser denn je.<\/p>\n\n\n\n<figure class=\"wp-block-image is-resized\"><img decoding=\"async\" src=\"http:\/\/www.skullboogey.de\/wp-content\/uploads\/2018\/12\/skull_live-12.jpg\" alt=\"\" class=\"wp-image-416\" width=\"400\" srcset=\"http:\/\/www.skullboogey.de\/wp-content\/uploads\/2018\/12\/skull_live-12.jpg 310w, http:\/\/www.skullboogey.de\/wp-content\/uploads\/2018\/12\/skull_live-12-194x300.jpg 194w\" sizes=\"(max-width: 310px) 100vw, 310px\" \/><figcaption>Chris, K\u00f6nigstein, Rock auf der Burg, 2009<\/figcaption><\/figure>\n\n\n\n<p><strong>2010<\/strong> erscheint das Album deutschlandweit \u00fcber Cargo Records.<\/p>\n\n\n\n<figure class=\"wp-block-image is-resized\"><img loading=\"lazy\" decoding=\"async\" src=\"http:\/\/www.skullboogey.de\/wp-content\/uploads\/2018\/12\/Cover_Skullboogey_III_600px.jpg\" alt=\"\" class=\"wp-image-361\" width=\"200\" height=\"211\"\/><\/figure>\n\n\n\n<p>Das Album enth\u00e4lt sowohl neue Songs, als auch ganz alte Songs (Hell, Killing Time, Rock&#8217;n&#8217;Roll-Man) die f\u00fcr w\u00fcrdig befunden wurden, aufgenommen zu werden. Skullboogey produzieren mit Mario Stahn ein Musikvideo zu &#8222;Spittin&#8216; Blood&#8220;. Wieder erregt die Band durch Live-Gigs Aufmerksamkeit &#8211; und so langsam macht man sich Namen in der Szene.<\/p>\n\n\n\n<p>Der Opener &#8222;Fast Ways Down&#8220; erscheint auf dem Rockhard Jubil\u00e4ums-Sampler zur 100 Ausgabe.<\/p>\n\n\n\n<figure class=\"wp-block-image is-resized\"><img decoding=\"async\" src=\"http:\/\/www.skullboogey.de\/wp-content\/uploads\/2018\/12\/skullboogey2010-e1546192323742.jpg\" alt=\"\" class=\"wp-image-318\" width=\"400\" srcset=\"http:\/\/www.skullboogey.de\/wp-content\/uploads\/2018\/12\/skullboogey2010-e1546192323742.jpg 600w, http:\/\/www.skullboogey.de\/wp-content\/uploads\/2018\/12\/skullboogey2010-e1546192323742-300x206.jpg 300w\" sizes=\"(max-width: 600px) 100vw, 600px\" \/><figcaption>SKULLBOOGEY 2010<\/figcaption><\/figure>\n\n\n\n<p>Immer noch ohne Plattenfirma oder Bookingagentur und komplett selbstfinanziert geht der Band <strong>2011<\/strong> die Puste aus, man spielt nur ein paar Gigs und die Bandmitglieder widmen sich anderen Projekten, wie &#8222;Juelg Musik&#8220;, &#8222;Doctor Poldi&#8217;s Rockspital&#8220; oder &#8222;Steve Nash Plays American Folk&#8220;.<\/p>\n\n\n\n<figure class=\"wp-block-image is-resized\"><img decoding=\"async\" src=\"http:\/\/www.skullboogey.de\/wp-content\/uploads\/2018\/12\/orschelersommer2012-1.jpg\" alt=\"\" class=\"wp-image-440\" width=\"400\"\/><figcaption>Stef, Orscheler Sommer 2012<\/figcaption><\/figure>\n\n\n\n<p>Stefan beginnt mit dem schreiben neuer Songs und <strong>2013<\/strong> werden die ersten neuen Songs geprobt. Die Band ist wieder heiss.<\/p>\n\n\n\n<figure class=\"wp-block-image is-resized\"><img decoding=\"async\" src=\"http:\/\/www.skullboogey.de\/wp-content\/uploads\/2018\/12\/band_sepia_2014.jpg\" alt=\"\" class=\"wp-image-307\" width=\"400\" srcset=\"http:\/\/www.skullboogey.de\/wp-content\/uploads\/2018\/12\/band_sepia_2014.jpg 800w, http:\/\/www.skullboogey.de\/wp-content\/uploads\/2018\/12\/band_sepia_2014-300x178.jpg 300w, http:\/\/www.skullboogey.de\/wp-content\/uploads\/2018\/12\/band_sepia_2014-768x456.jpg 768w\" sizes=\"(max-width: 800px) 100vw, 800px\" \/><figcaption>SKULLBOOGEY 2015<\/figcaption><\/figure>\n\n\n\n<p>Die Aufnahmen f\u00fcr das n\u00e4chste Skullboogey Album beginnen im April desselben Jahres. H\u00f6hepunkt des Jahres sind bis dato der Support f\u00fcr die englischen Metal-Stoner &#8222;Orange Goblin&#8220;, auf deren Europa Tourne in Frankfurt und der Gig auf dem Metalfest Germany, wo Skullboogey am dritten Festivaltag die Loreley-B\u00fchne entern.<\/p>\n\n\n\n<figure class=\"wp-block-image is-resized\"><img decoding=\"async\" src=\"http:\/\/www.skullboogey.de\/wp-content\/uploads\/2018\/12\/skullboogey2013loreley.jpg\" alt=\"\" class=\"wp-image-319\" width=\"400\" srcset=\"http:\/\/www.skullboogey.de\/wp-content\/uploads\/2018\/12\/skullboogey2013loreley.jpg 454w, http:\/\/www.skullboogey.de\/wp-content\/uploads\/2018\/12\/skullboogey2013loreley-300x201.jpg 300w\" sizes=\"(max-width: 454px) 100vw, 454px\" \/><figcaption>Metalfest Germany 2014<\/figcaption><\/figure>\n\n\n\n<p>Im August <strong>2015<\/strong> erscheint &#8222;Purified&#8220; auf dem Label 7Hard.<br> Es wird das Video &#8222;Speedin&#8216; with the Devil&#8220; mit Mario Stahn gedreht. Als Social Media Kampagne spielt die Band das komplette Album nochmal Live im Perfomance Studio Frankfurt ein und filmt das ganze. Das dabei entstandene Videomaterial wird h\u00e4ppchenweise im Vorfeld des Releases von Purified \u00fcber Facebook ver\u00f6ffentlicht.<\/p>\n\n\n\n<figure class=\"wp-block-image is-resized\"><img loading=\"lazy\" decoding=\"async\" src=\"http:\/\/www.skullboogey.de\/wp-content\/uploads\/2018\/12\/Cover_Skullboogey_Purified_600px.jpg\" alt=\"\" class=\"wp-image-365\" width=\"198\" height=\"223\"\/><\/figure>\n\n\n\n<figure class=\"wp-block-image is-resized\"><img decoding=\"async\" src=\"http:\/\/www.skullboogey.de\/wp-content\/uploads\/2018\/12\/Janis01-1024x683.jpg\" alt=\"\" class=\"wp-image-484\" width=\"400\" srcset=\"http:\/\/www.skullboogey.de\/wp-content\/uploads\/2018\/12\/Janis01-1024x683.jpg 1024w, http:\/\/www.skullboogey.de\/wp-content\/uploads\/2018\/12\/Janis01-300x200.jpg 300w, http:\/\/www.skullboogey.de\/wp-content\/uploads\/2018\/12\/Janis01-768x512.jpg 768w\" sizes=\"(max-width: 1024px) 100vw, 1024px\" \/><figcaption>Janis, der neue Mann f\u00fcrs Grobe&#8230;2018<\/figcaption><\/figure>\n\n\n\n<p><strong>2018<\/strong> gibt es wieder einen Wechsel an den Drums, da sich Ben nach fast 10 Jahren Skullboogey dazu entschlie\u00dft sich voll und ganz seinem neuen Projekt &#8222;April Art&#8220; zu widmen. F\u00fcr ihn kommt Janis Heftrich, der schon mit Jens in einer Tribute Band &#8222;Deep Zeppelin&#8220; zusammen spielt.<\/p>\n\n\n\n<p><strong>2018<\/strong> gibt es wieder einen Wechsel an den Drums, da sich Ben nach fast 10 Jahren Skullboogey dazu entschlie\u00dft sich voll und ganz seinem neuen Projekt &#8222;April Art&#8220; zu widmen. F\u00fcr ihn kommt Janis Heftrich, der schon mit Jens in einer Tribute Band &#8222;Deep Zeppelin&#8220; zusammen spielt.<\/p>\n\n\n\n<figure class=\"wp-block-image\"><img loading=\"lazy\" decoding=\"async\" width=\"600\" height=\"457\" src=\"http:\/\/www.skullboogey.de\/wp-content\/uploads\/2019\/03\/skullboogey_2019_small.jpg\" alt=\"\" class=\"wp-image-517\" srcset=\"http:\/\/www.skullboogey.de\/wp-content\/uploads\/2019\/03\/skullboogey_2019_small.jpg 600w, http:\/\/www.skullboogey.de\/wp-content\/uploads\/2019\/03\/skullboogey_2019_small-300x229.jpg 300w\" sizes=\"auto, (max-width: 600px) 100vw, 600px\" \/><figcaption>SKULLBOOGEY 2019<\/figcaption><\/figure>\n\n\n\n<p><strong>2020<\/strong> schl\u00e4gt die Pandemie zu und die Band beschliesst an einem neuen Album zu arbeiten<\/p>\n\n\n\n<p><strong>2021<\/strong> gibt es einen einzigen Gig auf dem Orschler Sommer, dann ist Live auch schon wieder Ende und die Band beginnt mit der Vorproduktion der neuen Songs im Proberaum<\/p>\n\n\n\n<p><strong>2022<\/strong> geht es mit dem neuen Album los. Im Eckton Studio werden die Basic Tracks live eingespielt, 13 Songs in 2 Tagen. Zwischendurch gibt es ein Gatspsiel beim Rock den Acker Festrival.<\/p>\n","protected":false},"excerpt":{"rendered":"<p>Pure Rockmusik, hart und handgemacht Seit fast 2 Dekaden treiben sich die hessischen Riff-Rocker auf den Brettern der Clubs und Konzerthallen herum. Immer aus allen Rohren brachiale Gitarrenw\u00e4nde, melodische Hooks und treibende Grooves abfeuernd. 2001 gr\u00fcnden Stefan, Christian und Jens Skullboogey. Der Name existiert bereits seit 1998 als Solo Projekt von Stefan. Als Drummer steigt [&hellip;]<\/p>\n","protected":false},"author":1,"featured_media":0,"parent":0,"menu_order":0,"comment_status":"closed","ping_status":"closed","template":"","meta":{"footnotes":""},"class_list":["post-329","page","type-page","status-publish","hentry"],"_links":{"self":[{"href":"http:\/\/www.skullboogey.de\/index.php?rest_route=\/wp\/v2\/pages\/329","targetHints":{"allow":["GET"]}}],"collection":[{"href":"http:\/\/www.skullboogey.de\/index.php?rest_route=\/wp\/v2\/pages"}],"about":[{"href":"http:\/\/www.skullboogey.de\/index.php?rest_route=\/wp\/v2\/types\/page"}],"author":[{"embeddable":true,"href":"http:\/\/www.skullboogey.de\/index.php?rest_route=\/wp\/v2\/users\/1"}],"replies":[{"embeddable":true,"href":"http:\/\/www.skullboogey.de\/index.php?rest_route=%2Fwp%2Fv2%2Fcomments&post=329"}],"version-history":[{"count":35,"href":"http:\/\/www.skullboogey.de\/index.php?rest_route=\/wp\/v2\/pages\/329\/revisions"}],"predecessor-version":[{"id":609,"href":"http:\/\/www.skullboogey.de\/index.php?rest_route=\/wp\/v2\/pages\/329\/revisions\/609"}],"wp:attachment":[{"href":"http:\/\/www.skullboogey.de\/index.php?rest_route=%2Fwp%2Fv2%2Fmedia&parent=329"}],"curies":[{"name":"wp","href":"https:\/\/api.w.org\/{rel}","templated":true}]}}